{"id":7731,"date":"2021-02-24T17:48:57","date_gmt":"2021-02-24T16:48:57","guid":{"rendered":"https:\/\/microtone.de\/?page_id=7731"},"modified":"2021-03-01T14:40:38","modified_gmt":"2021-03-01T13:40:38","slug":"widerrufsbelehrung","status":"publish","type":"page","link":"https:\/\/microtone.de\/de\/widerrufsbelehrung","title":{"rendered":"Widerrufsbelehrung"},"content":{"rendered":"<style>#kt-layout-id_068ead-99{margin-top:0px;margin-bottom:0px;}#kt-layout-id_068ead-99 > .kt-row-column-wrap{align-content:start;}:where(#kt-layout-id_068ead-99 > .kt-row-column-wrap) > .wp-block-kadence-column{justify-content:start;}#kt-layout-id_068ead-99 > .kt-row-column-wrap{column-gap:var(--global-kb-gap-md, 2rem);row-gap:var(--global-kb-gap-md, 2rem);max-width:1000px;margin-left:auto;margin-right:auto;padding-top:var( --global-kb-row-default-top, 25px );padding-bottom:var( --global-kb-row-default-bottom, 25px );padding-top:0px;padding-bottom:0px;padding-left:0px;padding-right:0px;grid-template-columns:minmax(0, 1fr);}#kt-layout-id_068ead-99 > .kt-row-layout-overlay{opacity:0.30;}@media all and (max-width: 1024px){#kt-layout-id_068ead-99 > .kt-row-column-wrap{grid-template-columns:minmax(0, 1fr);}}@media all and (max-width: 767px){#kt-layout-id_068ead-99 > .kt-row-column-wrap{grid-template-columns:minmax(0, 1fr);}}<\/style>\n<div class=\"wp-block-kadence-rowlayout alignnone\"><div id=\"kt-layout-id_068ead-99\" class=\"kt-row-layout-inner kt-layout-id_068ead-99\"><div class=\"kt-row-column-wrap kt-has-1-columns kt-gutter-default kt-v-gutter-default kt-row-valign-top kt-row-layout-equal kt-tab-layout-inherit kt-m-colapse-left-to-right kt-mobile-layout-row\"><style>.kadence-column_f59e9e-17 > .kt-inside-inner-col{border-top-width:0px;border-right-width:0px;border-bottom-width:0px;border-left-width:0px;}.kadence-column_f59e9e-17 > .kt-inside-inner-col,.kadence-column_f59e9e-17 > .kt-inside-inner-col:before{border-top-left-radius:0px;border-top-right-radius:0px;border-bottom-right-radius:0px;border-bottom-left-radius:0px;}.kadence-column_f59e9e-17 > .kt-inside-inner-col{column-gap:var(--global-kb-gap-sm, 1rem);}.kadence-column_f59e9e-17 > .kt-inside-inner-col{flex-direction:column;}.kadence-column_f59e9e-17 > .kt-inside-inner-col > .aligncenter{width:100%;}.kadence-column_f59e9e-17 > .kt-inside-inner-col:before{opacity:0.3;}.kadence-column_f59e9e-17{position:relative;}@media all and (max-width: 1024px){.kadence-column_f59e9e-17 > .kt-inside-inner-col{flex-direction:column;justify-content:center;}}@media all and (max-width: 767px){.kadence-column_f59e9e-17 > .kt-inside-inner-col{flex-direction:column;justify-content:center;}}<\/style>\n<div class=\"wp-block-kadence-column inner-column-1 kadence-column_f59e9e-17\"><div class=\"kt-inside-inner-col\"><style>.wp-block-kadence-advancedheading.kt-adv-heading_fb8035-3d, .wp-block-kadence-advancedheading.kt-adv-heading_fb8035-3d[data-kb-block=\"kb-adv-heading_fb8035-3d\"]{margin-top:0em;padding-top:0px;font-size:3em;font-style:normal;}.wp-block-kadence-advancedheading.kt-adv-heading_fb8035-3d mark.kt-highlight, .wp-block-kadence-advancedheading.kt-adv-heading_fb8035-3d[data-kb-block=\"kb-adv-heading_fb8035-3d\"] mark.kt-highlight{font-style:normal;color:#f76a0c;-webkit-box-decoration-break:clone;box-decoration-break:clone;padding-top:0px;padding-right:0px;padding-bottom:0px;padding-left:0px;}.wp-block-kadence-advancedheading.kt-adv-heading_fb8035-3d img.kb-inline-image, .wp-block-kadence-advancedheading.kt-adv-heading_fb8035-3d[data-kb-block=\"kb-adv-heading_fb8035-3d\"] img.kb-inline-image{width:150px;vertical-align:baseline;}@media all and (max-width: 1024px){.wp-block-kadence-advancedheading.kt-adv-heading_fb8035-3d, .wp-block-kadence-advancedheading.kt-adv-heading_fb8035-3d[data-kb-block=\"kb-adv-heading_fb8035-3d\"]{font-size:2em;}}@media all and (max-width: 767px){.wp-block-kadence-advancedheading.kt-adv-heading_fb8035-3d, .wp-block-kadence-advancedheading.kt-adv-heading_fb8035-3d[data-kb-block=\"kb-adv-heading_fb8035-3d\"]{font-size:2em;}}<\/style>\n<h1 class=\"kt-adv-heading_fb8035-3d wp-block-kadence-advancedheading\" data-kb-block=\"kb-adv-heading_fb8035-3d\">Widerrufsrecht<br>Widerrufsbelehrung<\/h1>\n\n\n\n<p>Sie haben das Recht, binnen vierzehn Tagen ohne Angabe von Gr\u00fcnden diesen Vertrag zu widerrufen. Die Widerrufsfrist betr\u00e4gt vierzehn Tage ab dem Tag des Vertragsabschlusses. Um Ihr Widerrufsrecht auszu\u00fcben, m\u00fcssen Sie uns<\/p>\n\n\n\n<p>MMT Microtone Music &amp; Theatre Consulting and Production GmbH<br>Hammerichstr. 1<br>22605 Hamburg<br>Deutschland<br>oder an&nbsp;mail@microtone.de<\/p>\n\n\n\n<p>mittels einer eindeutigen Erkl\u00e4rung (z.B. ein mit der Post versandter Brief oder E-Mail) \u00fcber Ihren Entschluss, diesen Vertrag zu widerrufen, informieren. Sie k\u00f6nnen daf\u00fcr das beigef\u00fcgte Muster-Widerrufsformular verwenden, das jedoch nicht vorgeschrieben ist. Zur Wahrung der Widerrufsfrist reicht es aus, dass Sie die Mitteilung \u00fcber die Aus\u00fcbung des Widerrufsrechts vor Ablauf der Widerrufsfrist absenden.<\/p>\n\n\n\n<p>Folgen des Widerrufs:&nbsp;<\/p>\n\n\n\n<p>Wenn Sie diesen Vertrag widerrufen, haben wir Ihnen alle Zahlungen, die wir von Ihnen erhalten haben, einschlie\u00dflich der Lieferkosten (mit Ausnahme der zus\u00e4tzlichen Kosten, die sich daraus ergeben, dass Sie eine andere Art der Lieferung als die von uns angebotene, g\u00fcnstigste Standardlieferung gew\u00e4hlt haben), unverz\u00fcglich und sp\u00e4testens binnen vierzehn Tagen ab dem Tag zur\u00fcckzuzahlen, an dem die Mitteilung \u00fcber Ihren Widerruf dieses Vertrags bei uns eingegangen ist. F\u00fcr diese R\u00fcckzahlung verwenden wir dasselbe Zahlungsmittel, das Sie bei der urspr\u00fcnglichen Transaktion eingesetzt haben, es sei denn, mit Ihnen wurde ausdr\u00fccklich etwas anderes vereinbart; in keinem Fall werden Ihnen wegen dieser R\u00fcckzahlung Entgelte berechnet.&nbsp;<\/p>\n\n\n\n<p><strong>Besonderer Hinweis:<\/strong>&nbsp;Bei Vertr\u00e4gen \u00fcber Dienstleistungen erlischt Ihr Widerrufsrecht vorzeitig, wenn der Vertrag von Ihnen und uns auf Ihren ausdr\u00fccklichen Wunsch vollst\u00e4ndig erf\u00fcllt ist, bevor Sie Ihr Widerrufsrecht ausge\u00fcbt haben<\/p>\n\n\n\n<p>Muster Widerrufs-Formular<\/p>\n\n\n\n<p>Hiermit widerrufe(n) ich\/wir (*) den von mir\/uns (*) abgeschlossenen Vertrag \u00fcber die Buchung des Microtone Coachings.<\/p>\n\n\n\n<ul class=\"wp-block-list\"><li>gebucht am: . . . . .\/ . . . . .<\/li><li>Best\u00e4tigungs-E-Mail erhalten am:&nbsp;<\/li><li>Name des\/der Verbraucher(s):<\/li><li>Anschrift des\/der Verbraucher(s):<\/li><li>Kontodaten f\u00fcr die R\u00fcckerstattung:<\/li><li>Unterschrift des\/der Verbraucher(s) (nur bei Mitteilung auf Papier):<\/li><li>Datum:<\/li><\/ul>\n\n\n\n<p>* Unzutreffendes streichen.<\/p>\n\n\n\n<p>MMT Microtone Music &amp; Theatre Consulting and Production GmbH<br>Hammerichstr.&nbsp;1<br>22605 Hamburg<br>Germany<br>Handelsregister Hamburg: HRB 134516<br>Gesch\u00e4ftsf\u00fchrer: Matthias Deneke, Claudius Dietzel<br>EU Tax Number: DE297487008<\/p>\n\n\n\n<div style=\"height:40px\" aria-hidden=\"true\" class=\"wp-block-spacer\"><\/div>\n\n\n<style>.wp-block-kadence-advancedbtn.kb-btns_72fa5e-fd{gap:var(--global-kb-gap-xs, 0.5rem );justify-content:flex-start;align-items:center;}.kt-btns_72fa5e-fd .kt-button{font-weight:bold;font-style:normal;}.kt-btns_72fa5e-fd .kt-btn-wrap-0{margin-right:0px;}.wp-block-kadence-advancedbtn.kt-btns_72fa5e-fd .kt-btn-wrap-0 .kt-button{color:#316992;font-size:22px;border-color:#316992;}.wp-block-kadence-advancedbtn.kt-btns_72fa5e-fd .kt-btn-wrap-0 .kt-button:hover, .wp-block-kadence-advancedbtn.kt-btns_72fa5e-fd .kt-btn-wrap-0 .kt-button:focus{color:#ffffff;border-color:#316992;}.wp-block-kadence-advancedbtn.kt-btns_72fa5e-fd .kt-btn-wrap-0 .kt-button::before{display:none;}.wp-block-kadence-advancedbtn.kt-btns_72fa5e-fd .kt-btn-wrap-0 .kt-button:hover, .wp-block-kadence-advancedbtn.kt-btns_72fa5e-fd .kt-btn-wrap-0 .kt-button:focus{background:#316992;}<\/style>\n<div class=\"wp-block-kadence-advancedbtn kt-btn-align-left kt-btn-tablet-align-inherit kt-btn-mobile-align-inherit kt-btns-wrap kt-btns_72fa5e-fd button-coaching\"><div class=\"kt-btn-wrap kt-btn-wrap-0\"><a class=\"kt-button button kt-btn-0-action kt-btn-size-standard kt-btn-style-basic kt-btn-svg-show-always kt-btn-has-text-true kt-btn-has-svg-false\" href=\"https:\/\/microtone.de\/wp-content\/uploads\/2021\/01\/muster-widerrufsformular.pdf\" target=\"_blank\" rel=\"noreferrer noopener\"><span class=\"kt-btn-inner-text\">Download Muster  Widerrufsformular<\/span><\/a><\/div><\/div>\n<\/div><\/div>\n<\/div><\/div><\/div>\n","protected":false},"excerpt":{"rendered":"<p>WiderrufsrechtWiderrufsbelehrung Sie haben das Recht, binnen vierzehn Tagen ohne Angabe von Gr\u00fcnden diesen Vertrag zu widerrufen. Die Widerrufsfrist betr\u00e4gt vierzehn Tage ab dem Tag des Vertragsabschlusses. Um Ihr Widerrufsrecht auszu\u00fcben, m\u00fcssen Sie uns MMT Microtone Music &amp; Theatre Consulting and Production GmbHHammerichstr. 122605 HamburgDeutschlandoder an&nbsp;mail@microtone.de mittels einer eindeutigen Erkl\u00e4rung (z.B. ein mit der Post versandter&hellip;<\/p>\n","protected":false},"author":2,"featured_media":0,"parent":0,"menu_order":25,"comment_status":"closed","ping_status":"closed","template":"tw-no-title.php","meta":{"ghostkit_customizer_options":"","ghostkit_custom_css":"","ghostkit_custom_js_head":"","ghostkit_custom_js_foot":"","ghostkit_typography":"","footnotes":""},"class_list":["post-7731","page","type-page","status-publish","hentry"],"yoast_head":"<!-- This site is optimized with the Yoast SEO plugin v27.5 - https:\/\/yoast.com\/product\/yoast-seo-wordpress\/ -->\n<title>Widerrufsbelehrung - Microtone Music<\/title>\n<meta name=\"robots\" content=\"index, follow, max-snippet:-1, max-image-preview:large, max-video-preview:-1\" \/>\n<link rel=\"canonical\" href=\"https:\/\/microtone.de\/de\/widerrufsbelehrung\" \/>\n<meta property=\"og:locale\" content=\"de_DE\" \/>\n<meta property=\"og:type\" content=\"article\" \/>\n<meta property=\"og:title\" content=\"Widerrufsbelehrung - Microtone Music\" \/>\n<meta property=\"og:description\" content=\"WiderrufsrechtWiderrufsbelehrung Sie haben das Recht, binnen vierzehn Tagen ohne Angabe von Gr\u00fcnden diesen Vertrag zu widerrufen. Die Widerrufsfrist betr\u00e4gt vierzehn Tage ab dem Tag des Vertragsabschlusses. Um Ihr Widerrufsrecht auszu\u00fcben, m\u00fcssen Sie uns MMT Microtone Music &amp; Theatre Consulting and Production GmbHHammerichstr. 122605 HamburgDeutschlandoder an&nbsp;mail@microtone.de mittels einer eindeutigen Erkl\u00e4rung (z.B. ein mit der Post versandter&hellip;\" \/>\n<meta property=\"og:url\" content=\"https:\/\/microtone.de\/de\/widerrufsbelehrung\" \/>\n<meta property=\"og:site_name\" content=\"Microtone Music\" \/>\n<meta property=\"article:modified_time\" content=\"2021-03-01T13:40:38+00:00\" \/>\n<meta name=\"twitter:card\" content=\"summary_large_image\" \/>\n<meta name=\"twitter:label1\" content=\"Est. reading time\" \/>\n\t<meta name=\"twitter:data1\" content=\"2 minutes\" \/>\n<script type=\"application\/ld+json\" class=\"yoast-schema-graph\">{\"@context\":\"https:\\\/\\\/schema.org\",\"@graph\":[{\"@type\":\"WebPage\",\"@id\":\"https:\\\/\\\/microtone.de\\\/de\\\/widerrufsbelehrung\",\"url\":\"https:\\\/\\\/microtone.de\\\/de\\\/widerrufsbelehrung\",\"name\":\"Widerrufsbelehrung - Microtone Music\",\"isPartOf\":{\"@id\":\"https:\\\/\\\/microtone.de\\\/de\\\/#website\"},\"datePublished\":\"2021-02-24T16:48:57+00:00\",\"dateModified\":\"2021-03-01T13:40:38+00:00\",\"breadcrumb\":{\"@id\":\"https:\\\/\\\/microtone.de\\\/de\\\/widerrufsbelehrung#breadcrumb\"},\"inLanguage\":\"de\",\"potentialAction\":[{\"@type\":\"ReadAction\",\"target\":[\"https:\\\/\\\/microtone.de\\\/de\\\/widerrufsbelehrung\"]}]},{\"@type\":\"BreadcrumbList\",\"@id\":\"https:\\\/\\\/microtone.de\\\/de\\\/widerrufsbelehrung#breadcrumb\",\"itemListElement\":[{\"@type\":\"ListItem\",\"position\":1,\"name\":\"Startseite\",\"item\":\"https:\\\/\\\/microtone.de\\\/de\"},{\"@type\":\"ListItem\",\"position\":2,\"name\":\"Widerrufsbelehrung\"}]},{\"@type\":\"WebSite\",\"@id\":\"https:\\\/\\\/microtone.de\\\/de\\\/#website\",\"url\":\"https:\\\/\\\/microtone.de\\\/de\\\/\",\"name\":\"Microtone Music\",\"description\":\"MMT Microtone Music &amp; Theatre Consulting and Production GmbH\",\"publisher\":{\"@id\":\"https:\\\/\\\/microtone.de\\\/de\\\/#organization\"},\"potentialAction\":[{\"@type\":\"SearchAction\",\"target\":{\"@type\":\"EntryPoint\",\"urlTemplate\":\"https:\\\/\\\/microtone.de\\\/de\\\/?s={search_term_string}\"},\"query-input\":{\"@type\":\"PropertyValueSpecification\",\"valueRequired\":true,\"valueName\":\"search_term_string\"}}],\"inLanguage\":\"de\"},{\"@type\":\"Organization\",\"@id\":\"https:\\\/\\\/microtone.de\\\/de\\\/#organization\",\"name\":\"Microtone Music\",\"url\":\"https:\\\/\\\/microtone.de\\\/de\\\/\",\"logo\":{\"@type\":\"ImageObject\",\"inLanguage\":\"de\",\"@id\":\"https:\\\/\\\/microtone.de\\\/de\\\/#\\\/schema\\\/logo\\\/image\\\/\",\"url\":\"https:\\\/\\\/microtone.de\\\/wp-content\\\/uploads\\\/2020\\\/07\\\/Microtone-Logo-V.svg\",\"contentUrl\":\"https:\\\/\\\/microtone.de\\\/wp-content\\\/uploads\\\/2020\\\/07\\\/Microtone-Logo-V.svg\",\"width\":144,\"height\":84,\"caption\":\"Microtone Music\"},\"image\":{\"@id\":\"https:\\\/\\\/microtone.de\\\/de\\\/#\\\/schema\\\/logo\\\/image\\\/\"}}]}<\/script>\n<!-- \/ Yoast SEO plugin. -->","yoast_head_json":{"title":"Widerrufsbelehrung - Microtone Music","robots":{"index":"index","follow":"follow","max-snippet":"max-snippet:-1","max-image-preview":"max-image-preview:large","max-video-preview":"max-video-preview:-1"},"canonical":"https:\/\/microtone.de\/de\/widerrufsbelehrung","og_locale":"de_DE","og_type":"article","og_title":"Widerrufsbelehrung - Microtone Music","og_description":"WiderrufsrechtWiderrufsbelehrung Sie haben das Recht, binnen vierzehn Tagen ohne Angabe von Gr\u00fcnden diesen Vertrag zu widerrufen. Die Widerrufsfrist betr\u00e4gt vierzehn Tage ab dem Tag des Vertragsabschlusses. Um Ihr Widerrufsrecht auszu\u00fcben, m\u00fcssen Sie uns MMT Microtone Music &amp; Theatre Consulting and Production GmbHHammerichstr. 122605 HamburgDeutschlandoder an&nbsp;mail@microtone.de mittels einer eindeutigen Erkl\u00e4rung (z.B. ein mit der Post versandter&hellip;","og_url":"https:\/\/microtone.de\/de\/widerrufsbelehrung","og_site_name":"Microtone Music","article_modified_time":"2021-03-01T13:40:38+00:00","twitter_card":"summary_large_image","twitter_misc":{"Est. reading time":"2 minutes"},"schema":{"@context":"https:\/\/schema.org","@graph":[{"@type":"WebPage","@id":"https:\/\/microtone.de\/de\/widerrufsbelehrung","url":"https:\/\/microtone.de\/de\/widerrufsbelehrung","name":"Widerrufsbelehrung - Microtone Music","isPartOf":{"@id":"https:\/\/microtone.de\/de\/#website"},"datePublished":"2021-02-24T16:48:57+00:00","dateModified":"2021-03-01T13:40:38+00:00","breadcrumb":{"@id":"https:\/\/microtone.de\/de\/widerrufsbelehrung#breadcrumb"},"inLanguage":"de","potentialAction":[{"@type":"ReadAction","target":["https:\/\/microtone.de\/de\/widerrufsbelehrung"]}]},{"@type":"BreadcrumbList","@id":"https:\/\/microtone.de\/de\/widerrufsbelehrung#breadcrumb","itemListElement":[{"@type":"ListItem","position":1,"name":"Startseite","item":"https:\/\/microtone.de\/de"},{"@type":"ListItem","position":2,"name":"Widerrufsbelehrung"}]},{"@type":"WebSite","@id":"https:\/\/microtone.de\/de\/#website","url":"https:\/\/microtone.de\/de\/","name":"Microtone Music","description":"MMT Microtone Music &amp; Theatre Consulting and Production GmbH","publisher":{"@id":"https:\/\/microtone.de\/de\/#organization"},"potentialAction":[{"@type":"SearchAction","target":{"@type":"EntryPoint","urlTemplate":"https:\/\/microtone.de\/de\/?s={search_term_string}"},"query-input":{"@type":"PropertyValueSpecification","valueRequired":true,"valueName":"search_term_string"}}],"inLanguage":"de"},{"@type":"Organization","@id":"https:\/\/microtone.de\/de\/#organization","name":"Microtone Music","url":"https:\/\/microtone.de\/de\/","logo":{"@type":"ImageObject","inLanguage":"de","@id":"https:\/\/microtone.de\/de\/#\/schema\/logo\/image\/","url":"https:\/\/microtone.de\/wp-content\/uploads\/2020\/07\/Microtone-Logo-V.svg","contentUrl":"https:\/\/microtone.de\/wp-content\/uploads\/2020\/07\/Microtone-Logo-V.svg","width":144,"height":84,"caption":"Microtone Music"},"image":{"@id":"https:\/\/microtone.de\/de\/#\/schema\/logo\/image\/"}}]}},"_links":{"self":[{"href":"https:\/\/microtone.de\/de\/wp-json\/wp\/v2\/pages\/7731","targetHints":{"allow":["GET"]}}],"collection":[{"href":"https:\/\/microtone.de\/de\/wp-json\/wp\/v2\/pages"}],"about":[{"href":"https:\/\/microtone.de\/de\/wp-json\/wp\/v2\/types\/page"}],"author":[{"embeddable":true,"href":"https:\/\/microtone.de\/de\/wp-json\/wp\/v2\/users\/2"}],"replies":[{"embeddable":true,"href":"https:\/\/microtone.de\/de\/wp-json\/wp\/v2\/comments?post=7731"}],"version-history":[{"count":0,"href":"https:\/\/microtone.de\/de\/wp-json\/wp\/v2\/pages\/7731\/revisions"}],"wp:attachment":[{"href":"https:\/\/microtone.de\/de\/wp-json\/wp\/v2\/media?parent=7731"}],"curies":[{"name":"wp","href":"https:\/\/api.w.org\/{rel}","templated":true}]}}