{"id":7534,"date":"2021-01-19T17:13:47","date_gmt":"2021-01-19T16:13:47","guid":{"rendered":"https:\/\/microtone.de\/request-confirmation"},"modified":"2021-02-02T13:23:43","modified_gmt":"2021-02-02T12:23:43","slug":"anfrage-bestaetigung","status":"publish","type":"page","link":"https:\/\/microtone.de\/de\/anfrage-bestaetigung","title":{"rendered":"Anfrage-Best\u00e4tigung"},"content":{"rendered":"\n<div class=\"wp-block-image confirmation-page-logo ghostkit-custom-Z2a5Sul\"><figure class=\"aligncenter size-large is-resized\"><img decoding=\"async\" src=\"https:\/\/microtone.de\/wp-content\/uploads\/\/2021\/01\/Microtone-Music-Production-100x60-pos.svg\" alt=\"Microtone Music Production\" class=\"wp-image-4311\" width=\"250\"\/><\/figure><\/div>\n\n\n\n<h3 class=\"has-text-align-center thank-you-headline has-primary-color has-text-color wp-block-heading\">Vielen Dank f\u00fcr Ihre Anfrage.<\/h3>\n\n\n\n<div class=\"wp-block-image\"><figure class=\"aligncenter size-large is-resized\"><img decoding=\"async\" src=\"https:\/\/microtone.de\/wp-content\/uploads\/2021\/01\/thank-you-for-request.svg\" alt=\"\" class=\"wp-image-7173\" width=\"60\"\/><\/figure><\/div>\n\n\n\n<p class=\"has-text-align-center\">Wir werden uns in K\u00fcrze mit Ihnen in Verbindung setzen.<br>Ihr Microtone Team<\/p>\n","protected":false},"excerpt":{"rendered":"<p>Vielen Dank f\u00fcr Ihre Anfrage. Wir werden uns in K\u00fcrze mit Ihnen in Verbindung setzen.Ihr Microtone Team<\/p>\n","protected":false},"author":1,"featured_media":0,"parent":0,"menu_order":26,"comment_status":"closed","ping_status":"closed","template":"tw-no-title.php","meta":{"ghostkit_customizer_options":"","ghostkit_custom_css":"","ghostkit_custom_js_head":"","ghostkit_custom_js_foot":"","ghostkit_typography":"","footnotes":""},"class_list":["post-7534","page","type-page","status-publish","hentry"],"yoast_head":"<!-- This site is optimized with the Yoast SEO plugin v27.4 - https:\/\/yoast.com\/product\/yoast-seo-wordpress\/ -->\n<title>MMT Microtone Music &amp; Theatre Consulting and Production GmbH | Anfrage-Best\u00e4tigung<\/title>\n<meta name=\"robots\" content=\"index, follow, max-snippet:-1, max-image-preview:large, max-video-preview:-1\" \/>\n<link rel=\"canonical\" href=\"https:\/\/microtone.de\/de\/anfrage-bestaetigung\" \/>\n<meta property=\"og:locale\" content=\"de_DE\" \/>\n<meta property=\"og:type\" content=\"article\" \/>\n<meta property=\"og:title\" content=\"MMT Microtone Music &amp; Theatre Consulting and Production GmbH | Anfrage-Best\u00e4tigung\" \/>\n<meta property=\"og:description\" content=\"Vielen Dank f\u00fcr Ihre Anfrage. Wir werden uns in K\u00fcrze mit Ihnen in Verbindung setzen.Ihr Microtone Team\" \/>\n<meta property=\"og:url\" content=\"https:\/\/microtone.de\/de\/anfrage-bestaetigung\" \/>\n<meta property=\"og:site_name\" content=\"Microtone Music\" \/>\n<meta property=\"article:modified_time\" content=\"2021-02-02T12:23:43+00:00\" \/>\n<meta property=\"og:image\" content=\"https:\/\/microtone.de\/wp-content\/uploads\/\/2021\/01\/Microtone-Music-Production-100x60-pos.svg\" \/>\n<meta name=\"twitter:card\" content=\"summary_large_image\" \/>\n<meta name=\"twitter:label1\" content=\"Est. reading time\" \/>\n\t<meta name=\"twitter:data1\" content=\"1 minute\" \/>\n<script type=\"application\/ld+json\" class=\"yoast-schema-graph\">{\"@context\":\"https:\\\/\\\/schema.org\",\"@graph\":[{\"@type\":\"WebPage\",\"@id\":\"https:\\\/\\\/microtone.de\\\/de\\\/anfrage-bestaetigung\",\"url\":\"https:\\\/\\\/microtone.de\\\/de\\\/anfrage-bestaetigung\",\"name\":\"MMT Microtone Music & Theatre Consulting and Production GmbH | Anfrage-Best\u00e4tigung\",\"isPartOf\":{\"@id\":\"https:\\\/\\\/microtone.de\\\/de\\\/#website\"},\"primaryImageOfPage\":{\"@id\":\"https:\\\/\\\/microtone.de\\\/de\\\/anfrage-bestaetigung#primaryimage\"},\"image\":{\"@id\":\"https:\\\/\\\/microtone.de\\\/de\\\/anfrage-bestaetigung#primaryimage\"},\"thumbnailUrl\":\"https:\\\/\\\/microtone.de\\\/wp-content\\\/uploads\\\/\\\/2021\\\/01\\\/Microtone-Music-Production-100x60-pos.svg\",\"datePublished\":\"2021-01-19T16:13:47+00:00\",\"dateModified\":\"2021-02-02T12:23:43+00:00\",\"breadcrumb\":{\"@id\":\"https:\\\/\\\/microtone.de\\\/de\\\/anfrage-bestaetigung#breadcrumb\"},\"inLanguage\":\"de\",\"potentialAction\":[{\"@type\":\"ReadAction\",\"target\":[\"https:\\\/\\\/microtone.de\\\/de\\\/anfrage-bestaetigung\"]}]},{\"@type\":\"ImageObject\",\"inLanguage\":\"de\",\"@id\":\"https:\\\/\\\/microtone.de\\\/de\\\/anfrage-bestaetigung#primaryimage\",\"url\":\"https:\\\/\\\/microtone.de\\\/wp-content\\\/uploads\\\/\\\/2021\\\/01\\\/Microtone-Music-Production-100x60-pos.svg\",\"contentUrl\":\"https:\\\/\\\/microtone.de\\\/wp-content\\\/uploads\\\/\\\/2021\\\/01\\\/Microtone-Music-Production-100x60-pos.svg\"},{\"@type\":\"BreadcrumbList\",\"@id\":\"https:\\\/\\\/microtone.de\\\/de\\\/anfrage-bestaetigung#breadcrumb\",\"itemListElement\":[{\"@type\":\"ListItem\",\"position\":1,\"name\":\"Startseite\",\"item\":\"https:\\\/\\\/microtone.de\\\/de\"},{\"@type\":\"ListItem\",\"position\":2,\"name\":\"Anfrage-Best\u00e4tigung\"}]},{\"@type\":\"WebSite\",\"@id\":\"https:\\\/\\\/microtone.de\\\/de\\\/#website\",\"url\":\"https:\\\/\\\/microtone.de\\\/de\\\/\",\"name\":\"Microtone Music\",\"description\":\"MMT Microtone Music &amp; Theatre Consulting and Production GmbH\",\"publisher\":{\"@id\":\"https:\\\/\\\/microtone.de\\\/de\\\/#organization\"},\"potentialAction\":[{\"@type\":\"SearchAction\",\"target\":{\"@type\":\"EntryPoint\",\"urlTemplate\":\"https:\\\/\\\/microtone.de\\\/de\\\/?s={search_term_string}\"},\"query-input\":{\"@type\":\"PropertyValueSpecification\",\"valueRequired\":true,\"valueName\":\"search_term_string\"}}],\"inLanguage\":\"de\"},{\"@type\":\"Organization\",\"@id\":\"https:\\\/\\\/microtone.de\\\/de\\\/#organization\",\"name\":\"Microtone Music\",\"url\":\"https:\\\/\\\/microtone.de\\\/de\\\/\",\"logo\":{\"@type\":\"ImageObject\",\"inLanguage\":\"de\",\"@id\":\"https:\\\/\\\/microtone.de\\\/de\\\/#\\\/schema\\\/logo\\\/image\\\/\",\"url\":\"https:\\\/\\\/microtone.de\\\/wp-content\\\/uploads\\\/2020\\\/07\\\/Microtone-Logo-V.svg\",\"contentUrl\":\"https:\\\/\\\/microtone.de\\\/wp-content\\\/uploads\\\/2020\\\/07\\\/Microtone-Logo-V.svg\",\"width\":144,\"height\":84,\"caption\":\"Microtone Music\"},\"image\":{\"@id\":\"https:\\\/\\\/microtone.de\\\/de\\\/#\\\/schema\\\/logo\\\/image\\\/\"}}]}<\/script>\n<!-- \/ Yoast SEO plugin. -->","yoast_head_json":{"title":"MMT Microtone Music & Theatre Consulting and Production GmbH | Anfrage-Best\u00e4tigung","robots":{"index":"index","follow":"follow","max-snippet":"max-snippet:-1","max-image-preview":"max-image-preview:large","max-video-preview":"max-video-preview:-1"},"canonical":"https:\/\/microtone.de\/de\/anfrage-bestaetigung","og_locale":"de_DE","og_type":"article","og_title":"MMT Microtone Music & Theatre Consulting and Production GmbH | Anfrage-Best\u00e4tigung","og_description":"Vielen Dank f\u00fcr Ihre Anfrage. Wir werden uns in K\u00fcrze mit Ihnen in Verbindung setzen.Ihr Microtone Team","og_url":"https:\/\/microtone.de\/de\/anfrage-bestaetigung","og_site_name":"Microtone Music","article_modified_time":"2021-02-02T12:23:43+00:00","og_image":[{"url":"https:\/\/microtone.de\/wp-content\/uploads\/\/2021\/01\/Microtone-Music-Production-100x60-pos.svg","type":"","width":"","height":""}],"twitter_card":"summary_large_image","twitter_misc":{"Est. reading time":"1 minute"},"schema":{"@context":"https:\/\/schema.org","@graph":[{"@type":"WebPage","@id":"https:\/\/microtone.de\/de\/anfrage-bestaetigung","url":"https:\/\/microtone.de\/de\/anfrage-bestaetigung","name":"MMT Microtone Music & Theatre Consulting and Production GmbH | Anfrage-Best\u00e4tigung","isPartOf":{"@id":"https:\/\/microtone.de\/de\/#website"},"primaryImageOfPage":{"@id":"https:\/\/microtone.de\/de\/anfrage-bestaetigung#primaryimage"},"image":{"@id":"https:\/\/microtone.de\/de\/anfrage-bestaetigung#primaryimage"},"thumbnailUrl":"https:\/\/microtone.de\/wp-content\/uploads\/\/2021\/01\/Microtone-Music-Production-100x60-pos.svg","datePublished":"2021-01-19T16:13:47+00:00","dateModified":"2021-02-02T12:23:43+00:00","breadcrumb":{"@id":"https:\/\/microtone.de\/de\/anfrage-bestaetigung#breadcrumb"},"inLanguage":"de","potentialAction":[{"@type":"ReadAction","target":["https:\/\/microtone.de\/de\/anfrage-bestaetigung"]}]},{"@type":"ImageObject","inLanguage":"de","@id":"https:\/\/microtone.de\/de\/anfrage-bestaetigung#primaryimage","url":"https:\/\/microtone.de\/wp-content\/uploads\/\/2021\/01\/Microtone-Music-Production-100x60-pos.svg","contentUrl":"https:\/\/microtone.de\/wp-content\/uploads\/\/2021\/01\/Microtone-Music-Production-100x60-pos.svg"},{"@type":"BreadcrumbList","@id":"https:\/\/microtone.de\/de\/anfrage-bestaetigung#breadcrumb","itemListElement":[{"@type":"ListItem","position":1,"name":"Startseite","item":"https:\/\/microtone.de\/de"},{"@type":"ListItem","position":2,"name":"Anfrage-Best\u00e4tigung"}]},{"@type":"WebSite","@id":"https:\/\/microtone.de\/de\/#website","url":"https:\/\/microtone.de\/de\/","name":"Microtone Music","description":"MMT Microtone Music &amp; Theatre Consulting and Production GmbH","publisher":{"@id":"https:\/\/microtone.de\/de\/#organization"},"potentialAction":[{"@type":"SearchAction","target":{"@type":"EntryPoint","urlTemplate":"https:\/\/microtone.de\/de\/?s={search_term_string}"},"query-input":{"@type":"PropertyValueSpecification","valueRequired":true,"valueName":"search_term_string"}}],"inLanguage":"de"},{"@type":"Organization","@id":"https:\/\/microtone.de\/de\/#organization","name":"Microtone Music","url":"https:\/\/microtone.de\/de\/","logo":{"@type":"ImageObject","inLanguage":"de","@id":"https:\/\/microtone.de\/de\/#\/schema\/logo\/image\/","url":"https:\/\/microtone.de\/wp-content\/uploads\/2020\/07\/Microtone-Logo-V.svg","contentUrl":"https:\/\/microtone.de\/wp-content\/uploads\/2020\/07\/Microtone-Logo-V.svg","width":144,"height":84,"caption":"Microtone Music"},"image":{"@id":"https:\/\/microtone.de\/de\/#\/schema\/logo\/image\/"}}]}},"_links":{"self":[{"href":"https:\/\/microtone.de\/de\/wp-json\/wp\/v2\/pages\/7534","targetHints":{"allow":["GET"]}}],"collection":[{"href":"https:\/\/microtone.de\/de\/wp-json\/wp\/v2\/pages"}],"about":[{"href":"https:\/\/microtone.de\/de\/wp-json\/wp\/v2\/types\/page"}],"author":[{"embeddable":true,"href":"https:\/\/microtone.de\/de\/wp-json\/wp\/v2\/users\/1"}],"replies":[{"embeddable":true,"href":"https:\/\/microtone.de\/de\/wp-json\/wp\/v2\/comments?post=7534"}],"version-history":[{"count":1,"href":"https:\/\/microtone.de\/de\/wp-json\/wp\/v2\/pages\/7534\/revisions"}],"predecessor-version":[{"id":8885,"href":"https:\/\/microtone.de\/de\/wp-json\/wp\/v2\/pages\/7534\/revisions\/8885"}],"wp:attachment":[{"href":"https:\/\/microtone.de\/de\/wp-json\/wp\/v2\/media?parent=7534"}],"curies":[{"name":"wp","href":"https:\/\/api.w.org\/{rel}","templated":true}]}}