{"id":7236,"date":"2020-12-22T17:33:30","date_gmt":"2020-12-22T16:33:30","guid":{"rendered":"https:\/\/microtone.de\/microtone-front-page-new"},"modified":"2023-03-29T13:44:19","modified_gmt":"2023-03-29T11:44:19","slug":"microtone-musikproduktion-hamburg","status":"publish","type":"page","link":"https:\/\/microtone.de\/de","title":{"rendered":"Microtone Musikproduktion Hamburg"},"content":{"rendered":"\n<div class=\"alignfull ghostkit-video home-video-small\" data-video-type=\"video\" data-video=\"mp4:https:\/\/microtone.de\/wp-content\/uploads\/2021\/01\/microtone-music-production-hamburg-germany.mp4\" data-video-aspect-ratio=\"16:9\" data-video-volume=\"50\" data-click-action=\"plain\" data-video-autoplay=\"true\" data-video-loop=\"true\"><div class=\"ghostkit-video-poster\"><img loading=\"lazy\" decoding=\"async\" src=\"https:\/\/microtone.de\/wp-content\/uploads\/2021\/01\/Microtone-Music-Poduction-Germany.jpg\" alt=\"\" class=\"wp-image-8544\" width=\"1920\" height=\"1080\" srcset=\"https:\/\/microtone.de\/wp-content\/uploads\/2021\/01\/Microtone-Music-Poduction-Germany.jpg 1920w, https:\/\/microtone.de\/wp-content\/uploads\/2021\/01\/Microtone-Music-Poduction-Germany-800x450.jpg 800w, https:\/\/microtone.de\/wp-content\/uploads\/2021\/01\/Microtone-Music-Poduction-Germany-768x432.jpg 768w, https:\/\/microtone.de\/wp-content\/uploads\/2021\/01\/Microtone-Music-Poduction-Germany-1536x864.jpg 1536w, https:\/\/microtone.de\/wp-content\/uploads\/2021\/01\/Microtone-Music-Poduction-Germany-500x281.jpg 500w, https:\/\/microtone.de\/wp-content\/uploads\/2021\/01\/Microtone-Music-Poduction-Germany-1280x720.jpg 1280w, https:\/\/microtone.de\/wp-content\/uploads\/2021\/01\/Microtone-Music-Poduction-Germany-1200x675.jpg 1200w\" sizes=\"auto, (max-width: 1920px) 100vw, 1920px\" \/><\/div><div class=\"ghostkit-video-play-icon\"><svg class=\"ghostkit-svg-icon ghostkit-svg-icon-fa\" aria-hidden=\"true\" role=\"img\" xmlns=\"http:\/\/www.w3.org\/2000\/svg\" viewBox=\"0 0 448 512\"><path fill=\"currentColor\" d=\"M424.4 214.7L72.4 6.6C43.8-10.3 0 6.1 0 47.9V464c0 37.5 40.7 60.1 72.4 41.3l352-208c31.4-18.5 31.5-64.1 0-82.6z\"><\/path><\/svg><\/div><div class=\"ghostkit-video-loading-icon\"><span class=\"ghostkit-svg-icon ghostkit-icon-spinner\"><\/span><\/div><\/div>\n\n\n<style>.wp-block-kadence-advancedheading.kt-adv-heading_813035-57, .wp-block-kadence-advancedheading.kt-adv-heading_813035-57[data-kb-block=\"kb-adv-heading_813035-57\"]{text-align:center;font-size:2.1em;font-style:normal;text-transform:uppercase;letter-spacing:2.7px;}.wp-block-kadence-advancedheading.kt-adv-heading_813035-57 mark.kt-highlight, .wp-block-kadence-advancedheading.kt-adv-heading_813035-57[data-kb-block=\"kb-adv-heading_813035-57\"] mark.kt-highlight{font-style:normal;color:#f76a0c;-webkit-box-decoration-break:clone;box-decoration-break:clone;padding-top:0px;padding-right:0px;padding-bottom:0px;padding-left:0px;}.wp-block-kadence-advancedheading.kt-adv-heading_813035-57 img.kb-inline-image, .wp-block-kadence-advancedheading.kt-adv-heading_813035-57[data-kb-block=\"kb-adv-heading_813035-57\"] img.kb-inline-image{width:150px;vertical-align:baseline;}@media all and (max-width: 1024px){.wp-block-kadence-advancedheading.kt-adv-heading_813035-57, .wp-block-kadence-advancedheading.kt-adv-heading_813035-57[data-kb-block=\"kb-adv-heading_813035-57\"]{padding-top:0px;font-size:1.8em;}}@media all and (max-width: 767px){.wp-block-kadence-advancedheading.kt-adv-heading_813035-57, .wp-block-kadence-advancedheading.kt-adv-heading_813035-57[data-kb-block=\"kb-adv-heading_813035-57\"]{padding-top:0px;font-size:1.2em;}}<\/style>\n<h1 class=\"kt-adv-heading_813035-57 wp-block-kadence-advancedheading\" data-kb-block=\"kb-adv-heading_813035-57\">Musikproduktion auf h\u00f6chstem Niveau<\/h1>\n\n\n<style>.wp-block-kadence-spacer.kt-block-spacer-_5652c1-62 .kt-block-spacer{height:6px;}.wp-block-kadence-spacer.kt-block-spacer-_5652c1-62 .kt-divider{border-top-width:2px;border-top-color:#2babe3;width:100%;border-top-style:solid;}<\/style>\n<div class=\"wp-block-kadence-spacer aligncenter kt-block-spacer-_5652c1-62 alignnone divider-center divider-feste-breite-center\"><div class=\"kt-block-spacer kt-block-spacer-halign-center\"><hr class=\"kt-divider\"\/><\/div><\/div>\n\n\n\n<p class=\"has-text-align-center spalte-medium\">Microtone steht f\u00fcr individuelle Musikproduktionen auf h\u00f6chstem Niveau. F\u00fcr uns ist jedes Projekt ein Einzelst\u00fcck. Wir machen Musik erlebbar, Technik wird zu Emotion. Wir stehen f\u00fcr die hohe Qualit\u00e4t unserer Ressourcen und Prozesse sowie f\u00fcr die umfangreiche Kompetenz unseres Teams.<\/p>\n\n\n\n<p class=\"has-text-align-center spalte-medium\">Wir arbeiten stilistisch \u00fcbergreifend in den Bereichen Filmmusik\/orchestral\/klassisch sowie Pop\/Rock\/Cover\/Crossover.<\/p>\n\n\n\n<p class=\"has-text-align-center spalte-medium\">Wir machen Musik mit Menschen f\u00fcr Menschen. Technologie allein erzeugt keine Emotionen.<\/p>\n\n\n\n<div style=\"height:10px\" aria-hidden=\"true\" class=\"wp-block-spacer\"><\/div>\n\n\n<style>.wp-block-kadence-advancedbtn.kb-btns_d65ac0-b6{gap:var(--global-kb-gap-xs, 0.5rem );justify-content:center;align-items:center;}.kt-btns_d65ac0-b6 .kt-button{font-weight:normal;font-style:normal;}<\/style>\n<div class=\"wp-block-kadence-advancedbtn kb-buttons-wrap kb-btns_d65ac0-b6 button-medien\"><style>ul.menu .wp-block-kadence-advancedbtn .kb-btn_239dce-85.kb-button{width:initial;}.wp-block-kadence-advancedbtn .kb-btn_239dce-85.kb-button{color:#362256;border-top-color:#362256;border-top-style:solid;border-right-color:#362256;border-right-style:solid;border-bottom-color:#362256;border-bottom-style:solid;border-left-color:#362256;border-left-style:solid;}.wp-block-kadence-advancedbtn .kb-btn_239dce-85.kb-button:hover, .wp-block-kadence-advancedbtn .kb-btn_239dce-85.kb-button:focus{color:#ffffff;background:#362256;border-top-color:#362256;border-top-style:solid;border-right-color:#362256;border-right-style:solid;border-bottom-color:#362256;border-bottom-style:solid;border-left-color:#362256;border-left-style:solid;}@media all and (max-width: 1024px){.wp-block-kadence-advancedbtn .kb-btn_239dce-85.kb-button{border-top-color:#362256;border-top-style:solid;border-right-color:#362256;border-right-style:solid;border-bottom-color:#362256;border-bottom-style:solid;border-left-color:#362256;border-left-style:solid;}}@media all and (max-width: 1024px){.wp-block-kadence-advancedbtn .kb-btn_239dce-85.kb-button:hover, .wp-block-kadence-advancedbtn .kb-btn_239dce-85.kb-button:focus{border-top-color:#362256;border-top-style:solid;border-right-color:#362256;border-right-style:solid;border-bottom-color:#362256;border-bottom-style:solid;border-left-color:#362256;border-left-style:solid;}}@media all and (max-width: 767px){.wp-block-kadence-advancedbtn .kb-btn_239dce-85.kb-button{border-top-color:#362256;border-top-style:solid;border-right-color:#362256;border-right-style:solid;border-bottom-color:#362256;border-bottom-style:solid;border-left-color:#362256;border-left-style:solid;}.wp-block-kadence-advancedbtn .kb-btn_239dce-85.kb-button:hover, .wp-block-kadence-advancedbtn .kb-btn_239dce-85.kb-button:focus{border-top-color:#362256;border-top-style:solid;border-right-color:#362256;border-right-style:solid;border-bottom-color:#362256;border-bottom-style:solid;border-left-color:#362256;border-left-style:solid;}}<\/style><a class=\"kb-button kt-button button kb-btn_239dce-85 kt-btn-size-standard kt-btn-width-type-auto kb-btn-global-outline  kt-btn-has-text-true kt-btn-has-svg-false  wp-block-kadence-singlebtn\" aria-label=\"Mehr erfahren \u00fcber Musikproduktion\" href=\"\/de\/music-production\"><span class=\"kt-btn-inner-text\">MEHR ERFAHREN<\/span><\/a><\/div>\n","protected":false},"excerpt":{"rendered":"<p>Musikproduktion auf h\u00f6chstem Niveau Microtone steht f\u00fcr individuelle Musikproduktionen auf h\u00f6chstem Niveau. F\u00fcr uns ist jedes Projekt ein Einzelst\u00fcck. Wir machen Musik erlebbar, Technik wird zu Emotion. Wir stehen f\u00fcr die hohe Qualit\u00e4t unserer Ressourcen und Prozesse sowie f\u00fcr die umfangreiche Kompetenz unseres Teams. Wir arbeiten stilistisch \u00fcbergreifend in den Bereichen Filmmusik\/orchestral\/klassisch sowie Pop\/Rock\/Cover\/Crossover. Wir&hellip;<\/p>\n","protected":false},"author":1,"featured_media":8544,"parent":0,"menu_order":10,"comment_status":"closed","ping_status":"closed","template":"tw-no-title.php","meta":{"ghostkit_customizer_options":"","ghostkit_custom_css":"","ghostkit_custom_js_head":"","ghostkit_custom_js_foot":"","ghostkit_typography":"","footnotes":""},"class_list":["post-7236","page","type-page","status-publish","has-post-thumbnail","hentry"],"yoast_head":"<!-- This site is optimized with the Yoast SEO plugin v27.4 - https:\/\/yoast.com\/product\/yoast-seo-wordpress\/ -->\n<title>MMT Microtone Music &amp; Theatre Consulting and Production | Hamburg<\/title>\n<meta name=\"description\" content=\"Microtone steht f\u00fcr individuelle Musikproduktion auf h\u00f6chstem Niveau in Hamburg. F\u00fcr uns ist jedes Projekt ein Einzelst\u00fcck. Wir machen Musik erlebbar, Technik wird zu Emotion. Wir stehen f\u00fcr die hohe Qualit\u00e4t unserer Ressourcen und Prozesse sowie f\u00fcr die umfangreiche Kompetenz unseres Teams.\" \/>\n<meta name=\"robots\" content=\"index, follow, max-snippet:-1, max-image-preview:large, max-video-preview:-1\" \/>\n<link rel=\"canonical\" href=\"https:\/\/microtone.de\/de\" \/>\n<meta property=\"og:locale\" content=\"de_DE\" \/>\n<meta property=\"og:type\" content=\"article\" \/>\n<meta property=\"og:title\" content=\"MMT Microtone Music &amp; Theatre Consulting and Production | Hamburg\" \/>\n<meta property=\"og:description\" content=\"Microtone steht f\u00fcr individuelle Musikproduktion auf h\u00f6chstem Niveau in Hamburg. F\u00fcr uns ist jedes Projekt ein Einzelst\u00fcck. Wir machen Musik erlebbar, Technik wird zu Emotion. Wir stehen f\u00fcr die hohe Qualit\u00e4t unserer Ressourcen und Prozesse sowie f\u00fcr die umfangreiche Kompetenz unseres Teams.\" \/>\n<meta property=\"og:url\" content=\"https:\/\/microtone.de\/de\" \/>\n<meta property=\"og:site_name\" content=\"Microtone Music\" \/>\n<meta property=\"article:modified_time\" content=\"2023-03-29T11:44:19+00:00\" \/>\n<meta property=\"og:image\" content=\"https:\/\/microtone.de\/wp-content\/uploads\/2021\/01\/Microtone-Music-Poduction-Germany.jpg\" \/>\n\t<meta property=\"og:image:width\" content=\"1920\" \/>\n\t<meta property=\"og:image:height\" content=\"1080\" \/>\n\t<meta property=\"og:image:type\" content=\"image\/jpeg\" \/>\n<meta name=\"twitter:card\" content=\"summary_large_image\" \/>\n<meta name=\"twitter:label1\" content=\"Est. reading time\" \/>\n\t<meta name=\"twitter:data1\" content=\"1 minute\" \/>\n<script type=\"application\/ld+json\" class=\"yoast-schema-graph\">{\"@context\":\"https:\\\/\\\/schema.org\",\"@graph\":[{\"@type\":\"WebPage\",\"@id\":\"https:\\\/\\\/microtone.de\\\/de\",\"url\":\"https:\\\/\\\/microtone.de\\\/de\",\"name\":\"MMT Microtone Music & Theatre Consulting and Production | Hamburg\",\"isPartOf\":{\"@id\":\"https:\\\/\\\/microtone.de\\\/de\\\/#website\"},\"primaryImageOfPage\":{\"@id\":\"https:\\\/\\\/microtone.de\\\/de#primaryimage\"},\"image\":{\"@id\":\"https:\\\/\\\/microtone.de\\\/de#primaryimage\"},\"thumbnailUrl\":\"https:\\\/\\\/microtone.de\\\/wp-content\\\/uploads\\\/2021\\\/01\\\/Microtone-Music-Poduction-Germany.jpg\",\"datePublished\":\"2020-12-22T16:33:30+00:00\",\"dateModified\":\"2023-03-29T11:44:19+00:00\",\"description\":\"Microtone steht f\u00fcr individuelle Musikproduktion auf h\u00f6chstem Niveau in Hamburg. F\u00fcr uns ist jedes Projekt ein Einzelst\u00fcck. Wir machen Musik erlebbar, Technik wird zu Emotion. Wir stehen f\u00fcr die hohe Qualit\u00e4t unserer Ressourcen und Prozesse sowie f\u00fcr die umfangreiche Kompetenz unseres Teams.\",\"breadcrumb\":{\"@id\":\"https:\\\/\\\/microtone.de\\\/de#breadcrumb\"},\"inLanguage\":\"de\",\"potentialAction\":[{\"@type\":\"ReadAction\",\"target\":[\"https:\\\/\\\/microtone.de\\\/de\"]}]},{\"@type\":\"ImageObject\",\"inLanguage\":\"de\",\"@id\":\"https:\\\/\\\/microtone.de\\\/de#primaryimage\",\"url\":\"https:\\\/\\\/microtone.de\\\/wp-content\\\/uploads\\\/2021\\\/01\\\/Microtone-Music-Poduction-Germany.jpg\",\"contentUrl\":\"https:\\\/\\\/microtone.de\\\/wp-content\\\/uploads\\\/2021\\\/01\\\/Microtone-Music-Poduction-Germany.jpg\",\"width\":1920,\"height\":1080,\"caption\":\"Microtone Music Poduction Germany\"},{\"@type\":\"BreadcrumbList\",\"@id\":\"https:\\\/\\\/microtone.de\\\/de#breadcrumb\",\"itemListElement\":[{\"@type\":\"ListItem\",\"position\":1,\"name\":\"Startseite\",\"item\":\"https:\\\/\\\/microtone.de\\\/de\"},{\"@type\":\"ListItem\",\"position\":2,\"name\":\"Microtone Musikproduktion Hamburg\"}]},{\"@type\":\"WebSite\",\"@id\":\"https:\\\/\\\/microtone.de\\\/de\\\/#website\",\"url\":\"https:\\\/\\\/microtone.de\\\/de\\\/\",\"name\":\"Microtone Music\",\"description\":\"MMT Microtone Music &amp; Theatre Consulting and Production GmbH\",\"publisher\":{\"@id\":\"https:\\\/\\\/microtone.de\\\/de\\\/#organization\"},\"potentialAction\":[{\"@type\":\"SearchAction\",\"target\":{\"@type\":\"EntryPoint\",\"urlTemplate\":\"https:\\\/\\\/microtone.de\\\/de\\\/?s={search_term_string}\"},\"query-input\":{\"@type\":\"PropertyValueSpecification\",\"valueRequired\":true,\"valueName\":\"search_term_string\"}}],\"inLanguage\":\"de\"},{\"@type\":\"Organization\",\"@id\":\"https:\\\/\\\/microtone.de\\\/de\\\/#organization\",\"name\":\"Microtone Music\",\"url\":\"https:\\\/\\\/microtone.de\\\/de\\\/\",\"logo\":{\"@type\":\"ImageObject\",\"inLanguage\":\"de\",\"@id\":\"https:\\\/\\\/microtone.de\\\/de\\\/#\\\/schema\\\/logo\\\/image\\\/\",\"url\":\"https:\\\/\\\/microtone.de\\\/wp-content\\\/uploads\\\/2020\\\/07\\\/Microtone-Logo-V.svg\",\"contentUrl\":\"https:\\\/\\\/microtone.de\\\/wp-content\\\/uploads\\\/2020\\\/07\\\/Microtone-Logo-V.svg\",\"width\":144,\"height\":84,\"caption\":\"Microtone Music\"},\"image\":{\"@id\":\"https:\\\/\\\/microtone.de\\\/de\\\/#\\\/schema\\\/logo\\\/image\\\/\"}}]}<\/script>\n<!-- \/ Yoast SEO plugin. -->","yoast_head_json":{"title":"MMT Microtone Music & Theatre Consulting and Production | Hamburg","description":"Microtone steht f\u00fcr individuelle Musikproduktion auf h\u00f6chstem Niveau in Hamburg. F\u00fcr uns ist jedes Projekt ein Einzelst\u00fcck. Wir machen Musik erlebbar, Technik wird zu Emotion. Wir stehen f\u00fcr die hohe Qualit\u00e4t unserer Ressourcen und Prozesse sowie f\u00fcr die umfangreiche Kompetenz unseres Teams.","robots":{"index":"index","follow":"follow","max-snippet":"max-snippet:-1","max-image-preview":"max-image-preview:large","max-video-preview":"max-video-preview:-1"},"canonical":"https:\/\/microtone.de\/de","og_locale":"de_DE","og_type":"article","og_title":"MMT Microtone Music & Theatre Consulting and Production | Hamburg","og_description":"Microtone steht f\u00fcr individuelle Musikproduktion auf h\u00f6chstem Niveau in Hamburg. F\u00fcr uns ist jedes Projekt ein Einzelst\u00fcck. Wir machen Musik erlebbar, Technik wird zu Emotion. Wir stehen f\u00fcr die hohe Qualit\u00e4t unserer Ressourcen und Prozesse sowie f\u00fcr die umfangreiche Kompetenz unseres Teams.","og_url":"https:\/\/microtone.de\/de","og_site_name":"Microtone Music","article_modified_time":"2023-03-29T11:44:19+00:00","og_image":[{"width":1920,"height":1080,"url":"https:\/\/microtone.de\/wp-content\/uploads\/2021\/01\/Microtone-Music-Poduction-Germany.jpg","type":"image\/jpeg"}],"twitter_card":"summary_large_image","twitter_misc":{"Est. reading time":"1 minute"},"schema":{"@context":"https:\/\/schema.org","@graph":[{"@type":"WebPage","@id":"https:\/\/microtone.de\/de","url":"https:\/\/microtone.de\/de","name":"MMT Microtone Music & Theatre Consulting and Production | Hamburg","isPartOf":{"@id":"https:\/\/microtone.de\/de\/#website"},"primaryImageOfPage":{"@id":"https:\/\/microtone.de\/de#primaryimage"},"image":{"@id":"https:\/\/microtone.de\/de#primaryimage"},"thumbnailUrl":"https:\/\/microtone.de\/wp-content\/uploads\/2021\/01\/Microtone-Music-Poduction-Germany.jpg","datePublished":"2020-12-22T16:33:30+00:00","dateModified":"2023-03-29T11:44:19+00:00","description":"Microtone steht f\u00fcr individuelle Musikproduktion auf h\u00f6chstem Niveau in Hamburg. F\u00fcr uns ist jedes Projekt ein Einzelst\u00fcck. Wir machen Musik erlebbar, Technik wird zu Emotion. Wir stehen f\u00fcr die hohe Qualit\u00e4t unserer Ressourcen und Prozesse sowie f\u00fcr die umfangreiche Kompetenz unseres Teams.","breadcrumb":{"@id":"https:\/\/microtone.de\/de#breadcrumb"},"inLanguage":"de","potentialAction":[{"@type":"ReadAction","target":["https:\/\/microtone.de\/de"]}]},{"@type":"ImageObject","inLanguage":"de","@id":"https:\/\/microtone.de\/de#primaryimage","url":"https:\/\/microtone.de\/wp-content\/uploads\/2021\/01\/Microtone-Music-Poduction-Germany.jpg","contentUrl":"https:\/\/microtone.de\/wp-content\/uploads\/2021\/01\/Microtone-Music-Poduction-Germany.jpg","width":1920,"height":1080,"caption":"Microtone Music Poduction Germany"},{"@type":"BreadcrumbList","@id":"https:\/\/microtone.de\/de#breadcrumb","itemListElement":[{"@type":"ListItem","position":1,"name":"Startseite","item":"https:\/\/microtone.de\/de"},{"@type":"ListItem","position":2,"name":"Microtone Musikproduktion Hamburg"}]},{"@type":"WebSite","@id":"https:\/\/microtone.de\/de\/#website","url":"https:\/\/microtone.de\/de\/","name":"Microtone Music","description":"MMT Microtone Music &amp; Theatre Consulting and Production GmbH","publisher":{"@id":"https:\/\/microtone.de\/de\/#organization"},"potentialAction":[{"@type":"SearchAction","target":{"@type":"EntryPoint","urlTemplate":"https:\/\/microtone.de\/de\/?s={search_term_string}"},"query-input":{"@type":"PropertyValueSpecification","valueRequired":true,"valueName":"search_term_string"}}],"inLanguage":"de"},{"@type":"Organization","@id":"https:\/\/microtone.de\/de\/#organization","name":"Microtone Music","url":"https:\/\/microtone.de\/de\/","logo":{"@type":"ImageObject","inLanguage":"de","@id":"https:\/\/microtone.de\/de\/#\/schema\/logo\/image\/","url":"https:\/\/microtone.de\/wp-content\/uploads\/2020\/07\/Microtone-Logo-V.svg","contentUrl":"https:\/\/microtone.de\/wp-content\/uploads\/2020\/07\/Microtone-Logo-V.svg","width":144,"height":84,"caption":"Microtone Music"},"image":{"@id":"https:\/\/microtone.de\/de\/#\/schema\/logo\/image\/"}}]}},"_links":{"self":[{"href":"https:\/\/microtone.de\/de\/wp-json\/wp\/v2\/pages\/7236","targetHints":{"allow":["GET"]}}],"collection":[{"href":"https:\/\/microtone.de\/de\/wp-json\/wp\/v2\/pages"}],"about":[{"href":"https:\/\/microtone.de\/de\/wp-json\/wp\/v2\/types\/page"}],"author":[{"embeddable":true,"href":"https:\/\/microtone.de\/de\/wp-json\/wp\/v2\/users\/1"}],"replies":[{"embeddable":true,"href":"https:\/\/microtone.de\/de\/wp-json\/wp\/v2\/comments?post=7236"}],"version-history":[{"count":46,"href":"https:\/\/microtone.de\/de\/wp-json\/wp\/v2\/pages\/7236\/revisions"}],"predecessor-version":[{"id":8901,"href":"https:\/\/microtone.de\/de\/wp-json\/wp\/v2\/pages\/7236\/revisions\/8901"}],"wp:featuredmedia":[{"embeddable":true,"href":"https:\/\/microtone.de\/de\/wp-json\/wp\/v2\/media\/8544"}],"wp:attachment":[{"href":"https:\/\/microtone.de\/de\/wp-json\/wp\/v2\/media?parent=7236"}],"curies":[{"name":"wp","href":"https:\/\/api.w.org\/{rel}","templated":true}]}}