{"id":289,"date":"2020-07-06T16:50:07","date_gmt":"2020-07-06T16:50:07","guid":{"rendered":"https:\/\/microtone.de\/?page_id=289"},"modified":"2020-07-27T13:04:51","modified_gmt":"2020-07-27T11:04:51","slug":"impressum","status":"publish","type":"page","link":"https:\/\/microtone.de\/de\/impressum","title":{"rendered":"Impressum"},"content":{"rendered":"<style>.wp-block-kadence-advancedheading.kt-adv-heading_5a1b49-b3, .wp-block-kadence-advancedheading.kt-adv-heading_5a1b49-b3[data-kb-block=\"kb-adv-heading_5a1b49-b3\"]{margin-top:1em;font-size:3em;font-style:normal;}.wp-block-kadence-advancedheading.kt-adv-heading_5a1b49-b3 mark.kt-highlight, .wp-block-kadence-advancedheading.kt-adv-heading_5a1b49-b3[data-kb-block=\"kb-adv-heading_5a1b49-b3\"] mark.kt-highlight{font-style:normal;color:#f76a0c;-webkit-box-decoration-break:clone;box-decoration-break:clone;padding-top:0px;padding-right:0px;padding-bottom:0px;padding-left:0px;}.wp-block-kadence-advancedheading.kt-adv-heading_5a1b49-b3 img.kb-inline-image, .wp-block-kadence-advancedheading.kt-adv-heading_5a1b49-b3[data-kb-block=\"kb-adv-heading_5a1b49-b3\"] img.kb-inline-image{width:150px;vertical-align:baseline;}@media all and (max-width: 1024px){.wp-block-kadence-advancedheading.kt-adv-heading_5a1b49-b3, .wp-block-kadence-advancedheading.kt-adv-heading_5a1b49-b3[data-kb-block=\"kb-adv-heading_5a1b49-b3\"]{font-size:2em;}}@media all and (max-width: 767px){.wp-block-kadence-advancedheading.kt-adv-heading_5a1b49-b3, .wp-block-kadence-advancedheading.kt-adv-heading_5a1b49-b3[data-kb-block=\"kb-adv-heading_5a1b49-b3\"]{font-size:2em;}}<\/style>\n<h1 id=\"kt-adv-heading_5a1b49-b3\" class=\"kt-adv-heading_5a1b49-b3 wp-block-kadence-advancedheading\" style=\"margin-top:1em\">Impressum<\/h1>\n\n\n\n<p><strong>Angaben gem\u00e4\u00df \u00a7 5 TMG:<br>Verantwortlich f\u00fcr den Inhalt nach \u00a7 55 Abs. 2 RStV:<\/strong><\/p>\n\n\n\n<p>Claudius Dietzel<br>MMT Microtone Music &amp; Theatre Consulting and Production GmbH<br>Hammerichstra\u00dfe 1<br>22605 Hamburg<br>E-Mail: mail@microtone.de<\/p>\n\n\n\n<p>Gesch\u00e4ftsf\u00fchrer: Matthias Deneke, Claudius Dietzel<br>Handelsregister Hamburg: HRB 134516<\/p>\n\n\n\n<p><strong>Quellenangaben f\u00fcr Bilder<\/strong><br>https:\/\/stock.adobe.com<br>Header-Bild Schwerpunkte: \u00a9 Africa Studio<br>Header-Bild Unser Netzwerk: \u00a9 Oleksii<br>Header-Bild Kreuzfahrt-Entertainment: \u00a9 MiaStendal<br>Header-Bild Medien \/ Produktionsbeispiele: \u00a9 One<br>Header-Bild Kontakt: \u00a9 Dani<br>Abbilder-Motiv auf den Seiten Schwerpunkte, Unser Netzwerk und Medien \/ Produktionsbeispiele: \u00a9 Yinzhong<br>Abbilder-Motiv auf der Seite Kreuzfahrt-Entertainment: \u00a9 Subbotina Anna<br><\/p>\n\n\n\n<h4 class=\"wp-block-heading\">Disclaimer (Haftungsausschluss)<\/h4>\n\n\n\n<p><strong>Haftung f\u00fcr Inhalte<\/strong><br>Als Diensteanbieter sind wir gem\u00e4\u00df \u00a7 7 Abs.1 TMG f\u00fcr eigene Inhalte auf diesen Seiten nach den allgemeinen Gesetzen verantwortlich. Nach \u00a7\u00a7 8 bis 10 TMG sind wir als Diensteanbieter jedoch nicht verpflichtet, \u00fcbermittelte oder gespeicherte fremde Informationen zu \u00fcberwachen oder nach Umst\u00e4nden zu forschen, die auf eine rechtswidrige T\u00e4tigkeit hinweisen. Verpflichtungen zur Entfernung oder Sperrung der Nutzung von Informationen nach den allgemeinen Gesetzen bleiben hiervon unber\u00fchrt. Eine diesbez\u00fcgliche Haftung ist jedoch erst ab dem Zeitpunkt der Kenntnis einer konkreten Rechtsverletzung m\u00f6glich. Bei Bekanntwerden von entsprechenden Rechtsverletzungen werden wir diese Inhalte umgehend entfernen.<\/p>\n\n\n\n<p><strong>Haftung f\u00fcr Links<\/strong><br>Unser Angebot enth\u00e4lt Links zu externen Webseiten Dritter, auf deren Inhalte wir keinen Einfluss haben. Deshalb k\u00f6nnen wir f\u00fcr diese fremden Inhalte auch keine Gew\u00e4hr \u00fcbernehmen. F\u00fcr die Inhalte der verlinkten Seiten ist stets der jeweilige Anbieter oder Betreiber der Seiten verantwortlich. Die verlinkten Seiten wurden zum Zeitpunkt der Verlinkung auf m\u00f6gliche Rechtsverst\u00f6\u00dfe \u00fcberpr\u00fcft. Rechtswidrige Inhalte waren zum Zeitpunkt der Verlinkung nicht erkennbar. Eine permanente inhaltliche Kontrolle der verlinkten Seiten ist jedoch ohne konkrete Anhaltspunkte einer Rechtsverletzung nicht zumutbar. Bei Bekanntwerden von Rechtsverletzungen werden wir derartige Links umgehend entfernen.<\/p>\n\n\n\n<p><strong>Urheberrecht<\/strong><br>Die durch die Seitenbetreiber erstellten Inhalte und Werke auf diesen Seiten unterliegen dem deutschen Urheberrecht. Die Vervielf\u00e4ltigung, Bearbeitung, Verbreitung und jede Art der Verwertung au\u00dferhalb der Grenzen des Urheberrechtes bed\u00fcrfen der schriftlichen Zustimmung des jeweiligen Autors bzw. Erstellers. Downloads und Kopien dieser Seite sind nur f\u00fcr den privaten, nicht kommerziellen Gebrauch gestattet. Soweit die Inhalte auf dieser Seite nicht vom Betreiber erstellt wurden, werden die Urheberrechte Dritter beachtet. Insbesondere werden Inhalte Dritter als solche gekennzeichnet. Sollten Sie trotzdem auf eine Urheberrechtsverletzung aufmerksam werden, bitten wir um einen entsprechenden Hinweis. Bei Bekanntwerden von Rechtsverletzungen werden wir derartige Inhalte umgehend entfernen.<\/p>\n","protected":false},"excerpt":{"rendered":"<p>Impressum Angaben gem\u00e4\u00df \u00a7 5 TMG:Verantwortlich f\u00fcr den Inhalt nach \u00a7 55 Abs. 2 RStV: Claudius DietzelMMT Microtone Music &amp; Theatre Consulting and Production GmbHHammerichstra\u00dfe 122605 HamburgE-Mail: mail@microtone.de Gesch\u00e4ftsf\u00fchrer: Matthias Deneke, Claudius DietzelHandelsregister Hamburg: HRB 134516 Quellenangaben f\u00fcr Bilderhttps:\/\/stock.adobe.comHeader-Bild Schwerpunkte: \u00a9 Africa StudioHeader-Bild Unser Netzwerk: \u00a9 OleksiiHeader-Bild Kreuzfahrt-Entertainment: \u00a9 MiaStendalHeader-Bild Medien \/ Produktionsbeispiele: \u00a9 OneHeader-Bild&hellip;<\/p>\n","protected":false},"author":1,"featured_media":0,"parent":0,"menu_order":21,"comment_status":"closed","ping_status":"closed","template":"tw-no-title.php","meta":{"ghostkit_customizer_options":"","ghostkit_custom_css":"","ghostkit_custom_js_head":"","ghostkit_custom_js_foot":"","ghostkit_typography":"","footnotes":""},"class_list":["post-289","page","type-page","status-publish","hentry"],"yoast_head":"<!-- This site is optimized with the Yoast SEO plugin v27.4 - https:\/\/yoast.com\/product\/yoast-seo-wordpress\/ -->\n<title>MMT Microtone Music &amp; Theatre Consulting and Production GmbH | Impressum<\/title>\n<meta name=\"robots\" content=\"index, follow, max-snippet:-1, max-image-preview:large, max-video-preview:-1\" \/>\n<link rel=\"canonical\" href=\"https:\/\/microtone.de\/de\/impressum\" \/>\n<meta property=\"og:locale\" content=\"de_DE\" \/>\n<meta property=\"og:type\" content=\"article\" \/>\n<meta property=\"og:title\" content=\"MMT Microtone Music &amp; Theatre Consulting and Production GmbH | Impressum\" \/>\n<meta property=\"og:description\" content=\"Impressum Angaben gem\u00e4\u00df \u00a7 5 TMG:Verantwortlich f\u00fcr den Inhalt nach \u00a7 55 Abs. 2 RStV: Claudius DietzelMMT Microtone Music &amp; Theatre Consulting and Production GmbHHammerichstra\u00dfe 122605 HamburgE-Mail: mail@microtone.de Gesch\u00e4ftsf\u00fchrer: Matthias Deneke, Claudius DietzelHandelsregister Hamburg: HRB 134516 Quellenangaben f\u00fcr Bilderhttps:\/\/stock.adobe.comHeader-Bild Schwerpunkte: \u00a9 Africa StudioHeader-Bild Unser Netzwerk: \u00a9 OleksiiHeader-Bild Kreuzfahrt-Entertainment: \u00a9 MiaStendalHeader-Bild Medien \/ Produktionsbeispiele: \u00a9 OneHeader-Bild&hellip;\" \/>\n<meta property=\"og:url\" content=\"https:\/\/microtone.de\/de\/impressum\" \/>\n<meta property=\"og:site_name\" content=\"Microtone Music\" \/>\n<meta property=\"article:modified_time\" content=\"2020-07-27T11:04:51+00:00\" \/>\n<meta name=\"twitter:card\" content=\"summary_large_image\" \/>\n<meta name=\"twitter:label1\" content=\"Est. reading time\" \/>\n\t<meta name=\"twitter:data1\" content=\"2 minutes\" \/>\n<script type=\"application\/ld+json\" class=\"yoast-schema-graph\">{\"@context\":\"https:\\\/\\\/schema.org\",\"@graph\":[{\"@type\":\"WebPage\",\"@id\":\"https:\\\/\\\/microtone.de\\\/de\\\/impressum\",\"url\":\"https:\\\/\\\/microtone.de\\\/de\\\/impressum\",\"name\":\"MMT Microtone Music & Theatre Consulting and Production GmbH | Impressum\",\"isPartOf\":{\"@id\":\"https:\\\/\\\/microtone.de\\\/de\\\/#website\"},\"datePublished\":\"2020-07-06T16:50:07+00:00\",\"dateModified\":\"2020-07-27T11:04:51+00:00\",\"breadcrumb\":{\"@id\":\"https:\\\/\\\/microtone.de\\\/de\\\/impressum#breadcrumb\"},\"inLanguage\":\"de\",\"potentialAction\":[{\"@type\":\"ReadAction\",\"target\":[\"https:\\\/\\\/microtone.de\\\/de\\\/impressum\"]}]},{\"@type\":\"BreadcrumbList\",\"@id\":\"https:\\\/\\\/microtone.de\\\/de\\\/impressum#breadcrumb\",\"itemListElement\":[{\"@type\":\"ListItem\",\"position\":1,\"name\":\"Startseite\",\"item\":\"https:\\\/\\\/microtone.de\\\/de\"},{\"@type\":\"ListItem\",\"position\":2,\"name\":\"Impressum\"}]},{\"@type\":\"WebSite\",\"@id\":\"https:\\\/\\\/microtone.de\\\/de\\\/#website\",\"url\":\"https:\\\/\\\/microtone.de\\\/de\\\/\",\"name\":\"Microtone Music\",\"description\":\"MMT Microtone Music &amp; Theatre Consulting and Production GmbH\",\"publisher\":{\"@id\":\"https:\\\/\\\/microtone.de\\\/de\\\/#organization\"},\"potentialAction\":[{\"@type\":\"SearchAction\",\"target\":{\"@type\":\"EntryPoint\",\"urlTemplate\":\"https:\\\/\\\/microtone.de\\\/de\\\/?s={search_term_string}\"},\"query-input\":{\"@type\":\"PropertyValueSpecification\",\"valueRequired\":true,\"valueName\":\"search_term_string\"}}],\"inLanguage\":\"de\"},{\"@type\":\"Organization\",\"@id\":\"https:\\\/\\\/microtone.de\\\/de\\\/#organization\",\"name\":\"Microtone Music\",\"url\":\"https:\\\/\\\/microtone.de\\\/de\\\/\",\"logo\":{\"@type\":\"ImageObject\",\"inLanguage\":\"de\",\"@id\":\"https:\\\/\\\/microtone.de\\\/de\\\/#\\\/schema\\\/logo\\\/image\\\/\",\"url\":\"https:\\\/\\\/microtone.de\\\/wp-content\\\/uploads\\\/2020\\\/07\\\/Microtone-Logo-V.svg\",\"contentUrl\":\"https:\\\/\\\/microtone.de\\\/wp-content\\\/uploads\\\/2020\\\/07\\\/Microtone-Logo-V.svg\",\"width\":144,\"height\":84,\"caption\":\"Microtone Music\"},\"image\":{\"@id\":\"https:\\\/\\\/microtone.de\\\/de\\\/#\\\/schema\\\/logo\\\/image\\\/\"}}]}<\/script>\n<!-- \/ Yoast SEO plugin. -->","yoast_head_json":{"title":"MMT Microtone Music & Theatre Consulting and Production GmbH | Impressum","robots":{"index":"index","follow":"follow","max-snippet":"max-snippet:-1","max-image-preview":"max-image-preview:large","max-video-preview":"max-video-preview:-1"},"canonical":"https:\/\/microtone.de\/de\/impressum","og_locale":"de_DE","og_type":"article","og_title":"MMT Microtone Music & Theatre Consulting and Production GmbH | Impressum","og_description":"Impressum Angaben gem\u00e4\u00df \u00a7 5 TMG:Verantwortlich f\u00fcr den Inhalt nach \u00a7 55 Abs. 2 RStV: Claudius DietzelMMT Microtone Music &amp; Theatre Consulting and Production GmbHHammerichstra\u00dfe 122605 HamburgE-Mail: mail@microtone.de Gesch\u00e4ftsf\u00fchrer: Matthias Deneke, Claudius DietzelHandelsregister Hamburg: HRB 134516 Quellenangaben f\u00fcr Bilderhttps:\/\/stock.adobe.comHeader-Bild Schwerpunkte: \u00a9 Africa StudioHeader-Bild Unser Netzwerk: \u00a9 OleksiiHeader-Bild Kreuzfahrt-Entertainment: \u00a9 MiaStendalHeader-Bild Medien \/ Produktionsbeispiele: \u00a9 OneHeader-Bild&hellip;","og_url":"https:\/\/microtone.de\/de\/impressum","og_site_name":"Microtone Music","article_modified_time":"2020-07-27T11:04:51+00:00","twitter_card":"summary_large_image","twitter_misc":{"Est. reading time":"2 minutes"},"schema":{"@context":"https:\/\/schema.org","@graph":[{"@type":"WebPage","@id":"https:\/\/microtone.de\/de\/impressum","url":"https:\/\/microtone.de\/de\/impressum","name":"MMT Microtone Music & Theatre Consulting and Production GmbH | Impressum","isPartOf":{"@id":"https:\/\/microtone.de\/de\/#website"},"datePublished":"2020-07-06T16:50:07+00:00","dateModified":"2020-07-27T11:04:51+00:00","breadcrumb":{"@id":"https:\/\/microtone.de\/de\/impressum#breadcrumb"},"inLanguage":"de","potentialAction":[{"@type":"ReadAction","target":["https:\/\/microtone.de\/de\/impressum"]}]},{"@type":"BreadcrumbList","@id":"https:\/\/microtone.de\/de\/impressum#breadcrumb","itemListElement":[{"@type":"ListItem","position":1,"name":"Startseite","item":"https:\/\/microtone.de\/de"},{"@type":"ListItem","position":2,"name":"Impressum"}]},{"@type":"WebSite","@id":"https:\/\/microtone.de\/de\/#website","url":"https:\/\/microtone.de\/de\/","name":"Microtone Music","description":"MMT Microtone Music &amp; Theatre Consulting and Production GmbH","publisher":{"@id":"https:\/\/microtone.de\/de\/#organization"},"potentialAction":[{"@type":"SearchAction","target":{"@type":"EntryPoint","urlTemplate":"https:\/\/microtone.de\/de\/?s={search_term_string}"},"query-input":{"@type":"PropertyValueSpecification","valueRequired":true,"valueName":"search_term_string"}}],"inLanguage":"de"},{"@type":"Organization","@id":"https:\/\/microtone.de\/de\/#organization","name":"Microtone Music","url":"https:\/\/microtone.de\/de\/","logo":{"@type":"ImageObject","inLanguage":"de","@id":"https:\/\/microtone.de\/de\/#\/schema\/logo\/image\/","url":"https:\/\/microtone.de\/wp-content\/uploads\/2020\/07\/Microtone-Logo-V.svg","contentUrl":"https:\/\/microtone.de\/wp-content\/uploads\/2020\/07\/Microtone-Logo-V.svg","width":144,"height":84,"caption":"Microtone Music"},"image":{"@id":"https:\/\/microtone.de\/de\/#\/schema\/logo\/image\/"}}]}},"_links":{"self":[{"href":"https:\/\/microtone.de\/de\/wp-json\/wp\/v2\/pages\/289","targetHints":{"allow":["GET"]}}],"collection":[{"href":"https:\/\/microtone.de\/de\/wp-json\/wp\/v2\/pages"}],"about":[{"href":"https:\/\/microtone.de\/de\/wp-json\/wp\/v2\/types\/page"}],"author":[{"embeddable":true,"href":"https:\/\/microtone.de\/de\/wp-json\/wp\/v2\/users\/1"}],"replies":[{"embeddable":true,"href":"https:\/\/microtone.de\/de\/wp-json\/wp\/v2\/comments?post=289"}],"version-history":[{"count":0,"href":"https:\/\/microtone.de\/de\/wp-json\/wp\/v2\/pages\/289\/revisions"}],"wp:attachment":[{"href":"https:\/\/microtone.de\/de\/wp-json\/wp\/v2\/media?parent=289"}],"curies":[{"name":"wp","href":"https:\/\/api.w.org\/{rel}","templated":true}]}}